{"id":2579,"date":"2022-10-10T11:31:01","date_gmt":"2022-10-10T06:01:01","guid":{"rendered":"https:\/\/neonpolice.com\/?page_id=2579"},"modified":"2024-06-08T11:12:48","modified_gmt":"2024-06-08T05:42:48","slug":"cookie-policy","status":"publish","type":"page","link":"https:\/\/neonpolice.com\/es\/cookie-policy\/","title":{"rendered":"Pol\u00edtica de cookies"},"content":{"rendered":"<p>Esta es la Pol\u00edtica de Cookies de Neonpolice, accesible desde <a href=\"https:\/\/neonpolice.com\/es\/\">https:\/\/neonpolice.com\/<\/a><\/p>\n<p><strong>\u00bfQu\u00e9 son las cookies?<\/strong><\/p>\n<p>Como es habitual en casi todos los sitios web profesionales, este sitio utiliza cookies, que son peque\u00f1os archivos que se descargan en su ordenador, para mejorar su experiencia. Esta p\u00e1gina describe qu\u00e9 informaci\u00f3n recopilan, c\u00f3mo la utilizamos y por qu\u00e9 a veces necesitamos almacenar estas cookies. Tambi\u00e9n le explicaremos c\u00f3mo puede evitar que se almacenen estas cookies, aunque esto podr\u00eda reducir o interrumpir la funcionalidad de ciertos elementos del sitio.<\/p>\n<p><strong>C\u00f3mo usamos las cookies<\/strong><\/p>\n<p>Utilizamos cookies por diversas razones que se detallan a continuaci\u00f3n. Lamentablemente, en la mayor\u00eda de los casos, no existen opciones est\u00e1ndar en la industria para deshabilitar las cookies sin desactivar por completo la funcionalidad y las caracter\u00edsticas que a\u00f1aden a este sitio. Se recomienda dejar activadas todas las cookies si no est\u00e1 seguro de si las necesita o no, en caso de que se utilicen para prestar un servicio que utiliza.<\/p>\n<p><strong>Deshabilitar cookies<\/strong><\/p>\n<p>Puede evitar la instalaci\u00f3n de cookies configurando su navegador (consulte la Ayuda de su navegador para saber c\u00f3mo hacerlo). Tenga en cuenta que deshabilitar las cookies afectar\u00e1 la funcionalidad de este y muchos otros sitios web que visite. Deshabilitar las cookies generalmente tambi\u00e9n deshabilitar\u00e1 ciertas funciones y caracter\u00edsticas de este sitio. Por lo tanto, se recomienda no deshabilitar las cookies.<\/p>\n<p><strong>Las cookies que configuramos<\/strong><\/p>\n<ul>\n<li>Cookies relacionadas con los boletines informativos por correo electr\u00f3nico Este sitio ofrece servicios de suscripci\u00f3n a boletines informativos o por correo electr\u00f3nico y se pueden utilizar cookies para recordar si ya est\u00e1 registrado y si desea mostrar ciertas notificaciones que solo pueden ser v\u00e1lidas para usuarios suscritos o no suscritos.<\/li>\n<\/ul>\n<p><strong>Cookies de terceros<\/strong><\/p>\n<p>En algunos casos especiales, tambi\u00e9n utilizamos cookies proporcionadas por terceros de confianza. La siguiente secci\u00f3n detalla qu\u00e9 cookies de terceros podr\u00eda encontrar en este sitio.<\/p>\n<ul>\n<li>Este sitio utiliza Google Analytics, una de las soluciones de an\u00e1lisis web m\u00e1s extendidas y fiables, para comprender c\u00f3mo utiliza el sitio y c\u00f3mo podemos mejorar su experiencia. Estas cookies pueden registrar datos como el tiempo que pasa en el sitio y las p\u00e1ginas que visita, para que podamos seguir generando contenido atractivo. Para obtener m\u00e1s informaci\u00f3n sobre las cookies de Google Analytics, consulte la p\u00e1gina oficial de Google Analytics.<\/li>\n<li>De vez en cuando, probamos nuevas funciones y realizamos peque\u00f1os cambios en la forma en que se muestra el sitio. Mientras probamos nuevas funciones, podemos utilizar estas cookies para garantizar que disfrute de una experiencia consistente en el sitio, a la vez que nos aseguramos de comprender qu\u00e9 optimizaciones valoran m\u00e1s nuestros usuarios.<\/li>\n<li>Al vender productos, necesitamos comprender las estad\u00edsticas sobre cu\u00e1ntos visitantes de nuestro sitio realizan una compra. Por lo tanto, este es el tipo de datos que estas cookies rastrear\u00e1n. Esto es importante para usted, ya que nos permite realizar predicciones comerciales precisas que nos permiten monitorear nuestros costos de publicidad y productos para garantizar el mejor precio posible.<\/li>\n<li>El servicio Google AdSense que utilizamos para publicar anuncios utiliza una cookie de DoubleClick para publicar anuncios m\u00e1s relevantes en la web y limitar la cantidad de veces que se le muestra un anuncio determinado. Para obtener m\u00e1s informaci\u00f3n sobre Google AdSense, consulte las preguntas frecuentes oficiales sobre privacidad de Google AdSense.<\/li>\n<li>Varios socios anuncian en nuestro nombre y las cookies de seguimiento de afiliados simplemente nos permiten ver si nuestros clientes han llegado al sitio a trav\u00e9s de uno de nuestros sitios asociados para que podamos acreditarlos adecuadamente y, cuando corresponda, permitir que nuestros socios afiliados brinden cualquier bonificaci\u00f3n que puedan. proporcionarle para hacer una compra.<\/li>\n<li>Tambi\u00e9n utilizamos botones y\/o complementos de redes sociales en este sitio que le permiten conectarse con su red social de varias maneras. Para que estos funcionen, los siguientes sitios de redes sociales incluyen; {\u00bfLista las redes sociales cuyas caracter\u00edsticas ha integrado con su sitio?:12}, establecer\u00e1 cookies a trav\u00e9s de nuestro sitio que se pueden usar para mejorar su perfil en su sitio o contribuir a los datos que tienen para varios prop\u00f3sitos descritos en su privacidad respectiva. pol\u00edticas<\/li>\n<\/ul>\n<p><strong>M\u00e1s informaci\u00f3n<\/strong><\/p>\n<p>Con suerte, esto habr\u00e1 aclarado las cosas para usted y, como se mencion\u00f3 anteriormente, si hay algo que no est\u00e1 seguro si necesita o no, generalmente es m\u00e1s seguro dejar las cookies habilitadas en caso de que interact\u00fae con una de las funciones que utiliza en nuestro sitio.<\/p>\n<p>Sin embargo, si a\u00fan busca m\u00e1s informaci\u00f3n, puede contactarnos a trav\u00e9s de uno de nuestros m\u00e9todos de contacto preferidos:<\/p>\n<ul>\n<li>Correo electr\u00f3nico: hello@neonpolice.com<\/li>\n<\/ul>","protected":false},"excerpt":{"rendered":"<p>This is the Cookie Policy for Neonpolice, accessible from https:\/\/neonpolice.com\/ What Are Cookies As is common practice with almost all professional websites this site uses cookies, which are tiny files&hellip;<\/p>","protected":false},"author":1,"featured_media":0,"parent":0,"menu_order":0,"comment_status":"closed","ping_status":"closed","template":"","meta":{"footnotes":""},"class_list":["post-2579","page","type-page","status-publish","hentry"],"_links":{"self":[{"href":"https:\/\/neonpolice.com\/es\/wp-json\/wp\/v2\/pages\/2579","targetHints":{"allow":["GET"]}}],"collection":[{"href":"https:\/\/neonpolice.com\/es\/wp-json\/wp\/v2\/pages"}],"about":[{"href":"https:\/\/neonpolice.com\/es\/wp-json\/wp\/v2\/types\/page"}],"author":[{"embeddable":true,"href":"https:\/\/neonpolice.com\/es\/wp-json\/wp\/v2\/users\/1"}],"replies":[{"embeddable":true,"href":"https:\/\/neonpolice.com\/es\/wp-json\/wp\/v2\/comments?post=2579"}],"version-history":[{"count":0,"href":"https:\/\/neonpolice.com\/es\/wp-json\/wp\/v2\/pages\/2579\/revisions"}],"wp:attachment":[{"href":"https:\/\/neonpolice.com\/es\/wp-json\/wp\/v2\/media?parent=2579"}],"curies":[{"name":"wp","href":"https:\/\/api.w.org\/{rel}","templated":true}]}}