{"id":2583,"date":"2022-10-10T11:35:50","date_gmt":"2022-10-10T06:05:50","guid":{"rendered":"https:\/\/neonpolice.com\/?page_id=2583"},"modified":"2024-06-08T11:14:50","modified_gmt":"2024-06-08T05:44:50","slug":"contact-us","status":"publish","type":"page","link":"https:\/\/neonpolice.com\/es\/contact-us\/","title":{"rendered":"Cont\u00e1ctenos"},"content":{"rendered":"<p>Neonpolice cree que la comunicaci\u00f3n constante es la clave para grandes asociaciones y colaboraciones y nuestro equipo de soporte 24 \u00d7 7 est\u00e1 disponible para su servicio.<br \/>\nNo dude en contactarnos en cualquier momento con un simple correo electr\u00f3nico a <strong>hola@neonpolice.com<\/strong><\/p>\n<p>O p\u00f3ngase en contacto en nuestras redes sociales<\/p>\n<p><a href=\"https:\/\/www.facebook.com\/NeonxPolice\" target=\"_blank\" rel=\"noopener\"><br \/>\nFacebook<br \/>\n<\/a><br \/>\n<a href=\"https:\/\/twitter.com\/neonpolice\" target=\"_blank\" rel=\"noopener\"><br \/>\nGorjeo<br \/>\n<\/a><br \/>\n<a href=\"https:\/\/www.instagram.com\/neonxpolice\/\" target=\"_blank\" rel=\"noopener\"><br \/>\nInstagram<br \/>\n<\/a><br \/>\n<a href=\"https:\/\/in.pinterest.com\/neonxpolice\/\" target=\"_blank\" rel=\"noopener\"><br \/>\nPinterest<br \/>\n<\/a><\/p>\n<p>Nuestro equipo responde dentro de las 48 horas posteriores a la comunicaci\u00f3n.<\/p>\n<p>Mirando hacia adelante a algunas grandes asociaciones con usted. Esperamos crecer junto con todos nuestros clientes.<\/p>","protected":false},"excerpt":{"rendered":"<p>Neonpolice cree que la comunicaci\u00f3n constante es la clave para grandes asociaciones y colaboraciones y nuestro equipo de soporte 24\u00d77 est\u00e1 disponible a su servicio. No dude en contactarnos en cualquier momento con solo...<\/p>","protected":false},"author":1,"featured_media":0,"parent":0,"menu_order":0,"comment_status":"closed","ping_status":"closed","template":"","meta":{"footnotes":""},"class_list":["post-2583","page","type-page","status-publish","hentry"],"_links":{"self":[{"href":"https:\/\/neonpolice.com\/es\/wp-json\/wp\/v2\/pages\/2583","targetHints":{"allow":["GET"]}}],"collection":[{"href":"https:\/\/neonpolice.com\/es\/wp-json\/wp\/v2\/pages"}],"about":[{"href":"https:\/\/neonpolice.com\/es\/wp-json\/wp\/v2\/types\/page"}],"author":[{"embeddable":true,"href":"https:\/\/neonpolice.com\/es\/wp-json\/wp\/v2\/users\/1"}],"replies":[{"embeddable":true,"href":"https:\/\/neonpolice.com\/es\/wp-json\/wp\/v2\/comments?post=2583"}],"version-history":[{"count":0,"href":"https:\/\/neonpolice.com\/es\/wp-json\/wp\/v2\/pages\/2583\/revisions"}],"wp:attachment":[{"href":"https:\/\/neonpolice.com\/es\/wp-json\/wp\/v2\/media?parent=2583"}],"curies":[{"name":"wp","href":"https:\/\/api.w.org\/{rel}","templated":true}]}}