{"id":2586,"date":"2022-10-10T11:39:23","date_gmt":"2022-10-10T06:09:23","guid":{"rendered":"https:\/\/neonpolice.com\/?page_id=2586"},"modified":"2024-06-08T10:38:12","modified_gmt":"2024-06-08T05:08:12","slug":"affiliate-policy","status":"publish","type":"page","link":"https:\/\/neonpolice.com\/es\/affiliate-policy\/","title":{"rendered":"Pol\u00edtica de afiliados"},"content":{"rendered":"<p>En <a href=\"https:\/\/neonpolice.com\/es\/\">Polic\u00eda de ne\u00f3n<\/a>\u00a0encontrar\u00e1 enlaces para comprar productos de Amazon y otros socios. Si hace clic en estos enlaces, a veces encontrar\u00e1 que la URL incluye un peque\u00f1o fragmento de texto adicional que identifica que el clic provino de nuestro sitio web. Este texto es un c\u00f3digo de afiliado y significa que recibimos un peque\u00f1o porcentaje del dinero que gastas si eliges comprar ese producto; o, en algunos casos, otros productos del sitio poco despu\u00e9s.<\/p>\n<p>Estos enlaces de afiliado ayudan a financiar la producci\u00f3n de este sitio web y garantizan que el contenido sea gratuito. Sin embargo, esto no implica que tengamos ninguna deuda con Amazon ni con ninguna otra empresa. La empresa tampoco tiene influencia alguna sobre la cobertura editorial, los productos que publicamos, c\u00f3mo los calificamos ni qu\u00e9 productos reciben rese\u00f1as positivas. Nuestro contenido editorial es completamente imparcial y se basa en exhaustivas pruebas e investigaciones. Si bien nuestro equipo editorial suele ser responsable de insertar enlaces en las p\u00e1ginas, sus rese\u00f1as y recomendaciones son completamente independientes editorialmente y no hay ning\u00fan incentivo para recomendar productos de baja calidad.<\/p>\n<p>Para obtener m\u00e1s informaci\u00f3n, consulte nuestro\u00a0<a href=\"https:\/\/neonpolice.com\/es\/privacy-policy\/\">pol\u00edtica de privacidad<\/a>\u00a0y\u00a0<a href=\"https:\/\/neonpolice.com\/es\/cookie-policy\/\">pol\u00edtica de cookies<\/a>.<\/p>","protected":false},"excerpt":{"rendered":"<p>At Neonpolice\u00a0you\u2019ll find links to buy products from Amazon and other partners. If you click on these links, you\u2019ll sometimes find that the URL includes a small extra piece of&hellip;<\/p>","protected":false},"author":1,"featured_media":0,"parent":0,"menu_order":0,"comment_status":"closed","ping_status":"closed","template":"","meta":{"footnotes":""},"class_list":["post-2586","page","type-page","status-publish","hentry"],"_links":{"self":[{"href":"https:\/\/neonpolice.com\/es\/wp-json\/wp\/v2\/pages\/2586","targetHints":{"allow":["GET"]}}],"collection":[{"href":"https:\/\/neonpolice.com\/es\/wp-json\/wp\/v2\/pages"}],"about":[{"href":"https:\/\/neonpolice.com\/es\/wp-json\/wp\/v2\/types\/page"}],"author":[{"embeddable":true,"href":"https:\/\/neonpolice.com\/es\/wp-json\/wp\/v2\/users\/1"}],"replies":[{"embeddable":true,"href":"https:\/\/neonpolice.com\/es\/wp-json\/wp\/v2\/comments?post=2586"}],"version-history":[{"count":0,"href":"https:\/\/neonpolice.com\/es\/wp-json\/wp\/v2\/pages\/2586\/revisions"}],"wp:attachment":[{"href":"https:\/\/neonpolice.com\/es\/wp-json\/wp\/v2\/media?parent=2586"}],"curies":[{"name":"wp","href":"https:\/\/api.w.org\/{rel}","templated":true}]}}