{"id":2579,"date":"2022-10-10T11:31:01","date_gmt":"2022-10-10T06:01:01","guid":{"rendered":"https:\/\/neonpolice.com\/?page_id=2579"},"modified":"2024-06-08T11:12:48","modified_gmt":"2024-06-08T05:42:48","slug":"cookie-policy","status":"publish","type":"page","link":"https:\/\/neonpolice.com\/fr\/cookie-policy\/","title":{"rendered":"Politique relative aux cookies"},"content":{"rendered":"<p>Ceci est la politique relative aux cookies de Neonpolice, accessible depuis <a href=\"https:\/\/neonpolice.com\/fr\/\">https:\/\/neonpolice.com\/<\/a><\/p>\n<p><strong>Que sont les cookies<\/strong><\/p>\n<p>Comme c&#039;est le cas sur la plupart des sites web professionnels, ce site utilise des cookies, de minuscules fichiers t\u00e9l\u00e9charg\u00e9s sur votre ordinateur pour am\u00e9liorer votre exp\u00e9rience. Cette page d\u00e9crit les informations collect\u00e9es, leur utilisation et les raisons pour lesquelles nous devons parfois stocker ces cookies. Nous vous expliquerons \u00e9galement comment emp\u00eacher leur stockage. Cependant, cela pourrait alt\u00e9rer ou perturber certaines fonctionnalit\u00e9s du site.<\/p>\n<p><strong>Comment nous utilisons les cookies<\/strong><\/p>\n<p>Nous utilisons des cookies pour diverses raisons, d\u00e9taill\u00e9es ci-dessous. Malheureusement, dans la plupart des cas, il n&#039;existe pas de solution standard permettant de d\u00e9sactiver les cookies sans d\u00e9sactiver compl\u00e8tement les fonctionnalit\u00e9s qu&#039;ils ajoutent \u00e0 ce site. Il est recommand\u00e9 de conserver tous les cookies si vous n&#039;\u00eates pas s\u00fbr de leur utilit\u00e9, notamment s&#039;ils sont utilis\u00e9s pour fournir un service que vous utilisez.<\/p>\n<p><strong>D\u00e9sactivation des cookies<\/strong><\/p>\n<p>Vous pouvez emp\u00eacher l&#039;installation de cookies en modifiant les param\u00e8tres de votre navigateur (consultez l&#039;aide de votre navigateur pour savoir comment proc\u00e9der). Sachez que la d\u00e9sactivation des cookies affectera le fonctionnement de ce site et de nombreux autres sites web que vous consultez. La d\u00e9sactivation des cookies entra\u00eene g\u00e9n\u00e9ralement la d\u00e9sactivation de certaines fonctionnalit\u00e9s de ce site. Il est donc recommand\u00e9 de ne pas d\u00e9sactiver les cookies.<\/p>\n<p><strong>Les cookies que nous installons<\/strong><\/p>\n<ul>\n<li>Cookies li\u00e9s aux newsletters par e-mail Ce site propose des services d&#039;abonnement \u00e0 des newsletters ou \u00e0 des e-mails et des cookies peuvent \u00eatre utilis\u00e9s pour se souvenir si vous \u00eates d\u00e9j\u00e0 inscrit et pour savoir s&#039;il faut afficher certaines notifications qui pourraient n&#039;\u00eatre valables que pour les utilisateurs abonn\u00e9s\/d\u00e9sabonn\u00e9s.<\/li>\n<\/ul>\n<p><strong>Cookies tiers<\/strong><\/p>\n<p>Dans certains cas particuliers, nous utilisons \u00e9galement des cookies fournis par des tiers de confiance. La section suivante d\u00e9taille les cookies tiers que vous pourriez rencontrer sur ce site.<\/p>\n<ul>\n<li>Ce site utilise Google Analytics, l&#039;une des solutions d&#039;analyse les plus r\u00e9pandues et les plus fiables du web. Il nous permet de comprendre votre utilisation du site et d&#039;am\u00e9liorer votre exp\u00e9rience. Ces cookies peuvent enregistrer des informations telles que votre temps de navigation et les pages que vous consultez, afin que nous puissions continuer \u00e0 produire du contenu attrayant. Pour plus d&#039;informations sur les cookies Google Analytics, consultez la page officielle de Google Analytics.<\/li>\n<li>Nous testons r\u00e9guli\u00e8rement de nouvelles fonctionnalit\u00e9s et apportons de l\u00e9g\u00e8res modifications \u00e0 la pr\u00e9sentation du site. Pendant cette phase de test, ces cookies peuvent \u00eatre utilis\u00e9s pour garantir une exp\u00e9rience coh\u00e9rente sur le site et nous assurer de comprendre les optimisations les plus appr\u00e9ci\u00e9es par nos utilisateurs.<\/li>\n<li>Lorsque nous vendons des produits, nous devons analyser le nombre d&#039;achats effectu\u00e9s par nos visiteurs sur notre site. C&#039;est ce type de donn\u00e9es que ces cookies collectent. Ces donn\u00e9es sont importantes pour vous, car elles nous permettent d&#039;\u00e9tablir des pr\u00e9visions commerciales pr\u00e9cises qui nous permettent de surveiller nos co\u00fbts publicitaires et produits afin de vous garantir le meilleur prix possible.<\/li>\n<li>Le service Google AdSense que nous utilisons pour diffuser de la publicit\u00e9 utilise un cookie DoubleClick pour diffuser des annonces plus pertinentes sur le Web et limiter le nombre de fois qu&#039;une annonce donn\u00e9e vous est pr\u00e9sent\u00e9e. Pour plus d&#039;informations sur Google AdSense, consultez la FAQ officielle sur la confidentialit\u00e9 de Google AdSense.<\/li>\n<li>Plusieurs partenaires font de la publicit\u00e9 en notre nom et les cookies de suivi des affili\u00e9s nous permettent simplement de voir si nos clients sont venus sur le site via l&#039;un de nos sites partenaires afin que nous puissions les cr\u00e9diter de mani\u00e8re appropri\u00e9e et, le cas \u00e9ch\u00e9ant, permettre \u00e0 nos partenaires affili\u00e9s de fournir tout bonus qu&#039;ils peuvent vous fournir pour effectuer un achat.<\/li>\n<li>Nous utilisons \u00e9galement des boutons et\/ou des plugins de r\u00e9seaux sociaux sur ce site qui vous permettent de vous connecter \u00e0 votre r\u00e9seau social de diff\u00e9rentes mani\u00e8res. Pour que ceux-ci fonctionnent, les sites de m\u00e9dias sociaux suivants, notamment\u00a0; {Listez les r\u00e9seaux sociaux dont les fonctionnalit\u00e9s que vous avez int\u00e9gr\u00e9es \u00e0 votre site\u00a0?:12}, installeront des cookies via notre site qui peuvent \u00eatre utilis\u00e9s pour am\u00e9liorer votre profil sur leur site ou contribuer aux donn\u00e9es qu&#039;ils d\u00e9tiennent \u00e0 diverses fins d\u00e9crites dans leur confidentialit\u00e9 respective Strat\u00e9gies.<\/li>\n<\/ul>\n<p><strong>Plus d&#039;information<\/strong><\/p>\n<p>J&#039;esp\u00e8re que cela a clarifi\u00e9 les choses pour vous, et comme mentionn\u00e9 pr\u00e9c\u00e9demment, s&#039;il y a quelque chose dont vous n&#039;\u00eates pas s\u00fbr d&#039;avoir besoin ou non, il est g\u00e9n\u00e9ralement plus s\u00fbr de laisser les cookies activ\u00e9s au cas o\u00f9 ils interagiraient avec l&#039;une des fonctionnalit\u00e9s que vous utilisez sur notre site.<\/p>\n<p>Cependant, si vous recherchez encore plus d&#039;informations, vous pouvez nous contacter via l&#039;une de nos m\u00e9thodes de contact pr\u00e9f\u00e9r\u00e9es :<\/p>\n<ul>\n<li>Courriel : hello@neonpolice.com<\/li>\n<\/ul>","protected":false},"excerpt":{"rendered":"<p>This is the Cookie Policy for Neonpolice, accessible from https:\/\/neonpolice.com\/ What Are Cookies As is common practice with almost all professional websites this site uses cookies, which are tiny files&hellip;<\/p>","protected":false},"author":1,"featured_media":0,"parent":0,"menu_order":0,"comment_status":"closed","ping_status":"closed","template":"","meta":{"footnotes":""},"class_list":["post-2579","page","type-page","status-publish","hentry"],"_links":{"self":[{"href":"https:\/\/neonpolice.com\/fr\/wp-json\/wp\/v2\/pages\/2579","targetHints":{"allow":["GET"]}}],"collection":[{"href":"https:\/\/neonpolice.com\/fr\/wp-json\/wp\/v2\/pages"}],"about":[{"href":"https:\/\/neonpolice.com\/fr\/wp-json\/wp\/v2\/types\/page"}],"author":[{"embeddable":true,"href":"https:\/\/neonpolice.com\/fr\/wp-json\/wp\/v2\/users\/1"}],"replies":[{"embeddable":true,"href":"https:\/\/neonpolice.com\/fr\/wp-json\/wp\/v2\/comments?post=2579"}],"version-history":[{"count":0,"href":"https:\/\/neonpolice.com\/fr\/wp-json\/wp\/v2\/pages\/2579\/revisions"}],"wp:attachment":[{"href":"https:\/\/neonpolice.com\/fr\/wp-json\/wp\/v2\/media?parent=2579"}],"curies":[{"name":"wp","href":"https:\/\/api.w.org\/{rel}","templated":true}]}}