{"id":2583,"date":"2022-10-10T11:35:50","date_gmt":"2022-10-10T06:05:50","guid":{"rendered":"https:\/\/neonpolice.com\/?page_id=2583"},"modified":"2024-06-08T11:14:50","modified_gmt":"2024-06-08T05:44:50","slug":"contact-us","status":"publish","type":"page","link":"https:\/\/neonpolice.com\/fr\/contact-us\/","title":{"rendered":"Contactez-nous"},"content":{"rendered":"<p>Neonpolice pense qu&#039;une communication coh\u00e9rente est la cl\u00e9 d&#039;excellents partenariats et collaborations et notre \u00e9quipe d&#039;assistance 24 \u00d7 7 est disponible \u00e0 votre service.<br \/>\nN&#039;h\u00e9sitez pas \u00e0 nous contacter \u00e0 tout moment avec un simple email \u00e0 <strong>bonjour@neonpolice.com<\/strong><\/p>\n<p>Ou contactez-nous via nos identifiants de r\u00e9seaux sociaux<\/p>\n<p><a href=\"https:\/\/www.facebook.com\/NeonxPolice\" target=\"_blank\" rel=\"noopener\"><br \/>\nFacebook<br \/>\n<\/a><br \/>\n<a href=\"https:\/\/twitter.com\/neonpolice\" target=\"_blank\" rel=\"noopener\"><br \/>\nTwitter<br \/>\n<\/a><br \/>\n<a href=\"https:\/\/www.instagram.com\/neonxpolice\/\" target=\"_blank\" rel=\"noopener\"><br \/>\nInstagram<br \/>\n<\/a><br \/>\n<a href=\"https:\/\/in.pinterest.com\/neonxpolice\/\" target=\"_blank\" rel=\"noopener\"><br \/>\nPinterest<br \/>\n<\/a><\/p>\n<p>Notre \u00e9quipe r\u00e9pond dans les 48 heures suivant la communication.<\/p>\n<p>Dans l&#039;attente de quelques grands partenariats avec vous. Nous esp\u00e9rons grandir avec tous nos clients.<\/p>","protected":false},"excerpt":{"rendered":"<p>Neonpolice estime qu&#039;une communication coh\u00e9rente est la cl\u00e9 de bons partenariats et collaborations et notre \u00e9quipe d&#039;assistance 24h\/24 et 7j\/7 est disponible \u00e0 votre service. N&#039;h\u00e9sitez pas \u00e0 nous contacter \u00e0 tout moment avec juste\u2026<\/p>","protected":false},"author":1,"featured_media":0,"parent":0,"menu_order":0,"comment_status":"closed","ping_status":"closed","template":"","meta":{"footnotes":""},"class_list":["post-2583","page","type-page","status-publish","hentry"],"_links":{"self":[{"href":"https:\/\/neonpolice.com\/fr\/wp-json\/wp\/v2\/pages\/2583","targetHints":{"allow":["GET"]}}],"collection":[{"href":"https:\/\/neonpolice.com\/fr\/wp-json\/wp\/v2\/pages"}],"about":[{"href":"https:\/\/neonpolice.com\/fr\/wp-json\/wp\/v2\/types\/page"}],"author":[{"embeddable":true,"href":"https:\/\/neonpolice.com\/fr\/wp-json\/wp\/v2\/users\/1"}],"replies":[{"embeddable":true,"href":"https:\/\/neonpolice.com\/fr\/wp-json\/wp\/v2\/comments?post=2583"}],"version-history":[{"count":0,"href":"https:\/\/neonpolice.com\/fr\/wp-json\/wp\/v2\/pages\/2583\/revisions"}],"wp:attachment":[{"href":"https:\/\/neonpolice.com\/fr\/wp-json\/wp\/v2\/media?parent=2583"}],"curies":[{"name":"wp","href":"https:\/\/api.w.org\/{rel}","templated":true}]}}