{"id":2586,"date":"2022-10-10T11:39:23","date_gmt":"2022-10-10T06:09:23","guid":{"rendered":"https:\/\/neonpolice.com\/?page_id=2586"},"modified":"2024-06-08T10:38:12","modified_gmt":"2024-06-08T05:08:12","slug":"affiliate-policy","status":"publish","type":"page","link":"https:\/\/neonpolice.com\/fr\/affiliate-policy\/","title":{"rendered":"Politique d&#039;affiliation"},"content":{"rendered":"<p>\u00c0 <a href=\"https:\/\/neonpolice.com\/fr\/\">N\u00e9onpolice<\/a>\u00a0vous trouverez des liens pour acheter des produits d&#039;Amazon et d&#039;autres partenaires. Si vous cliquez sur ces liens, vous constaterez parfois que l&#039;URL comprend un petit morceau de texte suppl\u00e9mentaire qui identifie que le clic provient de notre site Web. Ce texte est un code d&#039;affiliation, et cela signifie que nous recevons un petit pourcentage de l&#039;argent que vous d\u00e9pensez si vous choisissez d&#039;acheter ce produit ; ou, dans certains cas, d&#039;autres produits du site peu de temps apr\u00e8s.<\/p>\n<p>Ces liens d&#039;affiliation contribuent \u00e0 financer les co\u00fbts de production de ce site web et garantissent la gratuit\u00e9 du contenu. Cependant, cela ne signifie pas que nous sommes redevables \u00e0 Amazon ou \u00e0 toute autre entreprise. L&#039;entreprise n&#039;a aucune influence sur la couverture \u00e9ditoriale, les produits que nous publions, la fa\u00e7on dont nous les \u00e9valuons ou les avis positifs sur les produits. Notre contenu \u00e9ditorial est totalement impartial et repose sur des tests et des recherches approfondis. Bien que notre \u00e9quipe \u00e9ditoriale soit souvent charg\u00e9e d&#039;ins\u00e9rer des liens dans les pages, ses avis et recommandations sont totalement ind\u00e9pendants et nous n&#039;avons aucune raison de recommander de mauvais produits.<\/p>\n<p>Pour plus d&#039;informations, veuillez consulter notre\u00a0<a href=\"https:\/\/neonpolice.com\/fr\/privacy-policy\/\">politique de confidentialit\u00e9<\/a>\u00a0et\u00a0<a href=\"https:\/\/neonpolice.com\/fr\/cookie-policy\/\">politique relative aux cookies<\/a>.<\/p>","protected":false},"excerpt":{"rendered":"<p>At Neonpolice\u00a0you\u2019ll find links to buy products from Amazon and other partners. If you click on these links, you\u2019ll sometimes find that the URL includes a small extra piece of&hellip;<\/p>","protected":false},"author":1,"featured_media":0,"parent":0,"menu_order":0,"comment_status":"closed","ping_status":"closed","template":"","meta":{"footnotes":""},"class_list":["post-2586","page","type-page","status-publish","hentry"],"_links":{"self":[{"href":"https:\/\/neonpolice.com\/fr\/wp-json\/wp\/v2\/pages\/2586","targetHints":{"allow":["GET"]}}],"collection":[{"href":"https:\/\/neonpolice.com\/fr\/wp-json\/wp\/v2\/pages"}],"about":[{"href":"https:\/\/neonpolice.com\/fr\/wp-json\/wp\/v2\/types\/page"}],"author":[{"embeddable":true,"href":"https:\/\/neonpolice.com\/fr\/wp-json\/wp\/v2\/users\/1"}],"replies":[{"embeddable":true,"href":"https:\/\/neonpolice.com\/fr\/wp-json\/wp\/v2\/comments?post=2586"}],"version-history":[{"count":0,"href":"https:\/\/neonpolice.com\/fr\/wp-json\/wp\/v2\/pages\/2586\/revisions"}],"wp:attachment":[{"href":"https:\/\/neonpolice.com\/fr\/wp-json\/wp\/v2\/media?parent=2586"}],"curies":[{"name":"wp","href":"https:\/\/api.w.org\/{rel}","templated":true}]}}