{"id":2666,"date":"2022-10-11T17:47:20","date_gmt":"2022-10-11T12:17:20","guid":{"rendered":"https:\/\/neonpolice.com\/?page_id=2666"},"modified":"2024-06-08T10:36:37","modified_gmt":"2024-06-08T05:06:37","slug":"disclaimer","status":"publish","type":"page","link":"https:\/\/neonpolice.com\/fr\/disclaimer\/","title":{"rendered":"Clause de non-responsabilit\u00e9"},"content":{"rendered":"<h2>Avis de non-responsabilit\u00e9 pour Neonpolice<\/h2>\n<p>Si vous avez besoin de plus d&#039;informations ou si vous avez des questions sur la clause de non-responsabilit\u00e9 de notre site, n&#039;h\u00e9sitez pas \u00e0 nous contacter par e-mail \u00e0 hello@neonpolice.com.<\/p>\n<p>Toutes les informations sur ce site \u2013 https:\/\/neonpolice.com\/ \u2013 sont publi\u00e9es de bonne foi et \u00e0 titre informatif uniquement. Neon Police ne donne aucune garantie quant \u00e0 l&#039;exhaustivit\u00e9, la fiabilit\u00e9 et l&#039;exactitude de ces informations. Toute action que vous entreprenez sur les informations que vous trouvez sur ce site Web (Neon Police) est strictement \u00e0 vos risques et p\u00e9rils. Neon Police ne sera pas responsable des pertes et\/ou dommages li\u00e9s \u00e0 l&#039;utilisation de notre site Web.<\/p>\n<p>\u00c0 partir de notre site Web, vous pouvez visiter d&#039;autres sites Web en suivant des hyperliens vers ces sites externes. Bien que nous nous efforcions de ne proposer que des liens de qualit\u00e9 vers des sites utiles et \u00e9thiques, nous n&#039;avons aucun contr\u00f4le sur le contenu et la nature de ces sites. Ces liens vers d&#039;autres sites Web n&#039;impliquent pas une recommandation pour tout le contenu trouv\u00e9 sur ces sites. Les propri\u00e9taires et le contenu du site peuvent changer sans pr\u00e9avis et peuvent survenir avant que nous ayons la possibilit\u00e9 de supprimer un lien qui aurait pu devenir \u00ab\u00a0mauvais\u00a0\u00bb.<\/p>\n<p>Sachez \u00e9galement que lorsque vous quittez notre site Web, d&#039;autres sites peuvent avoir des politiques et des conditions de confidentialit\u00e9 diff\u00e9rentes qui \u00e9chappent \u00e0 notre contr\u00f4le. Assurez-vous de v\u00e9rifier les politiques de confidentialit\u00e9 de ces sites ainsi que leurs &quot;Conditions d&#039;utilisation&quot; avant de vous engager dans une entreprise ou de t\u00e9l\u00e9charger des informations.<\/p>\n<h2>Consentement<\/h2>\n<p>En utilisant notre site Web, vous consentez par la pr\u00e9sente \u00e0 notre clause de non-responsabilit\u00e9 et acceptez ses conditions.<\/p>\n<h2>Mise \u00e0 jour<\/h2>\n<p>Si nous mettons \u00e0 jour, modifions ou apportons des changements \u00e0 ce document, ces changements seront affich\u00e9s en \u00e9vidence ici.<\/p>","protected":false},"excerpt":{"rendered":"<p>Disclaimer for Neonpolice If you require any more information or have any questions about our site&#8217;s disclaimer, please feel free to contact us by email at hello@neonpolice.com. All the information&hellip;<\/p>","protected":false},"author":1,"featured_media":0,"parent":0,"menu_order":0,"comment_status":"closed","ping_status":"closed","template":"","meta":{"footnotes":""},"class_list":["post-2666","page","type-page","status-publish","hentry"],"_links":{"self":[{"href":"https:\/\/neonpolice.com\/fr\/wp-json\/wp\/v2\/pages\/2666","targetHints":{"allow":["GET"]}}],"collection":[{"href":"https:\/\/neonpolice.com\/fr\/wp-json\/wp\/v2\/pages"}],"about":[{"href":"https:\/\/neonpolice.com\/fr\/wp-json\/wp\/v2\/types\/page"}],"author":[{"embeddable":true,"href":"https:\/\/neonpolice.com\/fr\/wp-json\/wp\/v2\/users\/1"}],"replies":[{"embeddable":true,"href":"https:\/\/neonpolice.com\/fr\/wp-json\/wp\/v2\/comments?post=2666"}],"version-history":[{"count":0,"href":"https:\/\/neonpolice.com\/fr\/wp-json\/wp\/v2\/pages\/2666\/revisions"}],"wp:attachment":[{"href":"https:\/\/neonpolice.com\/fr\/wp-json\/wp\/v2\/media?parent=2666"}],"curies":[{"name":"wp","href":"https:\/\/api.w.org\/{rel}","templated":true}]}}