{"id":2668,"date":"2022-10-11T17:41:27","date_gmt":"2022-10-11T12:11:27","guid":{"rendered":"https:\/\/neonpolice.com\/?page_id=2668"},"modified":"2024-06-08T10:37:36","modified_gmt":"2024-06-08T05:07:36","slug":"privacy-policy","status":"publish","type":"page","link":"https:\/\/neonpolice.com\/fr\/privacy-policy\/","title":{"rendered":"politique de confidentialit\u00e9"},"content":{"rendered":"<h2>Politique de confidentialit\u00e9 de Neonpolice<\/h2>\n<p>Chez Neon Police, accessible depuis https:\/\/neonpolice.com\/, l&#039;une de nos principales priorit\u00e9s est la confidentialit\u00e9 de nos visiteurs. Ce document de politique de confidentialit\u00e9 contient des types d&#039;informations qui sont collect\u00e9es et enregistr\u00e9es par Neon Police et comment nous les utilisons.<\/p>\n<p>Si vous avez des questions suppl\u00e9mentaires ou souhaitez plus d&#039;informations sur notre politique de confidentialit\u00e9, n&#039;h\u00e9sitez pas \u00e0 nous contacter.<\/p>\n<p>Cette politique de confidentialit\u00e9 s&#039;applique uniquement \u00e0 nos activit\u00e9s en ligne et est valable pour les visiteurs de notre site Web en ce qui concerne les informations qu&#039;ils ont partag\u00e9es et\/ou collect\u00e9es dans Neon Police. Cette politique ne s&#039;applique pas aux informations collect\u00e9es hors ligne ou via des canaux autres que ce site Web.<\/p>\n<h2>Consentement<\/h2>\n<p>En utilisant notre site Web, vous consentez par la pr\u00e9sente \u00e0 notre politique de confidentialit\u00e9 et acceptez ses conditions.<\/p>\n<h2>Informations que nous collectons<\/h2>\n<p>Les informations personnelles que vous \u00eates invit\u00e9 \u00e0 fournir, et les raisons pour lesquelles vous \u00eates invit\u00e9 \u00e0 les fournir, vous seront pr\u00e9cis\u00e9es au moment o\u00f9 nous vous demanderons de fournir vos informations personnelles.<\/p>\n<p>Si vous nous contactez directement, nous pouvons recevoir des informations suppl\u00e9mentaires vous concernant telles que votre nom, votre adresse e-mail, votre num\u00e9ro de t\u00e9l\u00e9phone, le contenu du message et\/ou des pi\u00e8ces jointes que vous pouvez nous envoyer, et toute autre information que vous pouvez choisir de fournir.<\/p>\n<p>Lorsque vous cr\u00e9ez un compte, nous pouvons vous demander vos coordonn\u00e9es, y compris des \u00e9l\u00e9ments tels que le nom, le nom de l&#039;entreprise, l&#039;adresse, l&#039;adresse e-mail et le num\u00e9ro de t\u00e9l\u00e9phone.<\/p>\n<h2>Comment nous utilisons vos informations<\/h2>\n<p>Nous utilisons les informations que nous recueillons de diverses mani\u00e8res, notamment pour :<\/p>\n<ul>\n<li>Fournir, exploiter et maintenir notre site Web<\/li>\n<li>Am\u00e9liorer, personnaliser et d\u00e9velopper notre site Web<\/li>\n<li>Comprendre et analyser la fa\u00e7on dont vous utilisez notre site Web<\/li>\n<li>D\u00e9velopper de nouveaux produits, services, caract\u00e9ristiques et fonctionnalit\u00e9s<\/li>\n<li>Communiquer avec vous, directement ou par l&#039;interm\u00e9diaire de l&#039;un de nos partenaires, y compris pour le service client, pour vous fournir des mises \u00e0 jour et d&#039;autres informations relatives au site Web, et \u00e0 des fins de marketing et de promotion<\/li>\n<li>Vous envoyer des e-mails<\/li>\n<li>D\u00e9tecter et pr\u00e9venir la fraude<\/li>\n<\/ul>\n<h2>Fichiers journaux<\/h2>\n<p>Neon Police suit une proc\u00e9dure standard d&#039;utilisation des fichiers journaux. Ces fichiers enregistrent les visiteurs lorsqu&#039;ils visitent des sites Web. Toutes les soci\u00e9t\u00e9s d&#039;h\u00e9bergement le font et font partie de l&#039;analyse des services d&#039;h\u00e9bergement. Les informations collect\u00e9es par les fichiers journaux incluent les adresses IP (protocole Internet), le type de navigateur, le fournisseur d&#039;acc\u00e8s Internet (FAI), l&#039;horodatage, les pages de renvoi\/sortie et \u00e9ventuellement le nombre de clics. Ceux-ci ne sont li\u00e9s \u00e0 aucune information personnellement identifiable. Le but de l&#039;information est d&#039;analyser les tendances, d&#039;administrer le site, de suivre le mouvement des utilisateurs sur le site Web et de recueillir des informations d\u00e9mographiques.<\/p>\n<h2>Cookies et balises Web<\/h2>\n<p>Comme tout autre site Internet, Neon Police utilise des \u00ab cookies \u00bb. Ces cookies sont utilis\u00e9s pour stocker des informations, y compris les pr\u00e9f\u00e9rences des visiteurs et les pages du site Web auxquelles le visiteur a acc\u00e9d\u00e9 ou visit\u00e9. Les informations sont utilis\u00e9es pour optimiser l&#039;exp\u00e9rience des utilisateurs en personnalisant le contenu de notre page Web en fonction du type de navigateur des visiteurs et\/ou d&#039;autres informations.<\/p>\n<h2>Cookie Google DoubleClick DART<\/h2>\n<p>Google est l&#039;un des fournisseurs tiers de notre site. Il utilise \u00e9galement des cookies, connus sous le nom de cookies DART, pour diffuser des annonces aux visiteurs de notre site en fonction de leur visite sur www.website.com et d&#039;autres sites sur Internet. Cependant, les visiteurs peuvent choisir de refuser l&#039;utilisation des cookies DART en visitant la politique de confidentialit\u00e9 du r\u00e9seau publicitaire et de contenu de Google \u00e0 l&#039;URL suivante - <a href=\"https:\/\/policies.google.com\/technologies\/ads\" target=\"_blank\" rel=\"noopener\">https:\/\/policies.google.com\/technologies\/ads<\/a><\/p>\n<h2>Nos partenaires publicitaires<\/h2>\n<p>Certains annonceurs de notre site peuvent utiliser des cookies et des balises Web. Nos partenaires publicitaires sont list\u00e9s ci-dessous. Chacun de nos partenaires publicitaires a sa propre politique de confidentialit\u00e9 pour ses politiques sur les donn\u00e9es des utilisateurs. Pour un acc\u00e8s plus facile, nous avons \u00e9tabli un lien hypertexte vers leurs politiques de confidentialit\u00e9 ci-dessous.<\/p>\n<ul>\n<li>Google<a href=\"https:\/\/policies.google.com\/technologies\/ads\" target=\"_blank\" rel=\"noopener\">https:\/\/policies.google.com\/technologies\/ads<\/a><\/li>\n<\/ul>\n<h2>Politiques de confidentialit\u00e9 des partenaires publicitaires<\/h2>\n<p>Vous pouvez consulter cette liste pour trouver la politique de confidentialit\u00e9 de chacun des partenaires publicitaires de Neon Police.<\/p>\n<p>Les serveurs publicitaires ou r\u00e9seaux publicitaires tiers utilisent des technologies telles que les cookies, JavaScript ou les balises Web qui sont utilis\u00e9es dans leurs publicit\u00e9s et liens respectifs qui apparaissent sur Neon Police, qui sont envoy\u00e9s directement au navigateur des utilisateurs. Ils re\u00e7oivent automatiquement votre adresse IP lorsque cela se produit. Ces technologies sont utilis\u00e9es pour mesurer l&#039;efficacit\u00e9 de leurs campagnes publicitaires et\/ou pour personnaliser le contenu publicitaire que vous voyez sur les sites Web que vous visitez.<\/p>\n<p>Notez que Neon Police n&#039;a aucun acc\u00e8s ni aucun contr\u00f4le sur ces cookies qui sont utilis\u00e9s par des annonceurs tiers.<\/p>\n<h2>Politiques de confidentialit\u00e9 des tiers<\/h2>\n<p>La politique de confidentialit\u00e9 de Neon Police ne s&#039;applique pas aux autres annonceurs ou sites Web. Ainsi, nous vous conseillons de consulter les politiques de confidentialit\u00e9 respectives de ces serveurs publicitaires tiers pour des informations plus d\u00e9taill\u00e9es. Il peut inclure leurs pratiques et instructions sur la fa\u00e7on de se retirer de certaines options.<\/p>\n<p>Vous pouvez choisir de d\u00e9sactiver les cookies via les options de votre navigateur. Pour conna\u00eetre des informations plus d\u00e9taill\u00e9es sur la gestion des cookies avec des navigateurs Web sp\u00e9cifiques, vous pouvez les trouver sur les sites Web respectifs des navigateurs.<\/p>\n<h2>Droits de confidentialit\u00e9 CCPA (Ne vendez pas mes informations personnelles)<\/h2>\n<p>En vertu du CCPA, entre autres droits, les consommateurs californiens ont le droit de\u00a0:<\/p>\n<p>Demander qu&#039;une entreprise qui collecte les donn\u00e9es personnelles d&#039;un consommateur divulgue les cat\u00e9gories et les \u00e9l\u00e9ments sp\u00e9cifiques de donn\u00e9es personnelles qu&#039;une entreprise a collect\u00e9es sur les consommateurs.<\/p>\n<p>Demander \u00e0 une entreprise de supprimer toutes les donn\u00e9es personnelles sur le consommateur qu&#039;une entreprise a collect\u00e9es.<\/p>\n<p>Demander qu&#039;une entreprise qui vend les donn\u00e9es personnelles d&#039;un consommateur ne vende pas les donn\u00e9es personnelles du consommateur.<\/p>\n<p>Si vous faites une demande, nous avons un mois pour vous r\u00e9pondre. Si vous souhaitez exercer l&#039;un de ces droits, veuillez nous contacter.<\/p>\n<h2>Droits de protection des donn\u00e9es GDPR<\/h2>\n<p>Nous souhaitons nous assurer que vous \u00eates pleinement conscient de tous vos droits en mati\u00e8re de protection des donn\u00e9es. Chaque utilisateur a droit \u00e0 ce qui suit\u00a0:<\/p>\n<p>Le droit d&#039;acc\u00e8s \u2013 Vous avez le droit de demander des copies de vos donn\u00e9es personnelles. Nous pouvons vous facturer une somme modique pour ce service.<\/p>\n<p>Le droit de rectification \u2013 Vous avez le droit de nous demander de corriger toute information que vous jugez inexacte. Vous avez \u00e9galement le droit de nous demander de compl\u00e9ter les informations que vous jugez incompl\u00e8tes.<\/p>\n<p>Le droit \u00e0 l&#039;effacement \u2013 Vous avez le droit de nous demander d&#039;effacer vos donn\u00e9es personnelles, sous certaines conditions.<\/p>\n<p>Le droit de restreindre le traitement \u2013 Vous avez le droit de nous demander de restreindre le traitement de vos donn\u00e9es personnelles, sous certaines conditions.<\/p>\n<p>Le droit de vous opposer au traitement \u2013 Vous avez le droit de vous opposer \u00e0 notre traitement de vos donn\u00e9es personnelles, sous certaines conditions.<\/p>\n<p>Le droit \u00e0 la portabilit\u00e9 des donn\u00e9es \u2013 Vous avez le droit de nous demander de transf\u00e9rer les donn\u00e9es que nous avons collect\u00e9es \u00e0 une autre organisation, ou directement \u00e0 vous, sous certaines conditions.<\/p>\n<p>Si vous faites une demande, nous avons un mois pour vous r\u00e9pondre. Si vous souhaitez exercer l&#039;un de ces droits, veuillez nous contacter.<\/p>\n<h2>Informations sur les enfants<\/h2>\n<p>Une autre partie de notre priorit\u00e9 est d&#039;ajouter une protection pour les enfants lors de l&#039;utilisation d&#039;Internet. Nous encourageons les parents et les tuteurs \u00e0 observer, participer et\/ou surveiller et guider leur activit\u00e9 en ligne.<\/p>\n<p>Neon Police ne collecte sciemment aucune information personnelle identifiable aupr\u00e8s d&#039;enfants de moins de 13 ans. Si vous pensez que votre enfant a fourni ce type d&#039;informations sur notre site Web, nous vous encourageons fortement \u00e0 nous contacter imm\u00e9diatement et nous ferons de notre mieux pour le faire rapidement. supprimer ces informations de nos dossiers.<\/p>","protected":false},"excerpt":{"rendered":"<p>Privacy Policy for Neonpolice At Neon Police, accessible from https:\/\/neonpolice.com\/, one of our main priorities is the privacy of our visitors. This Privacy Policy document contains types of information that&hellip;<\/p>","protected":false},"author":1,"featured_media":0,"parent":0,"menu_order":0,"comment_status":"closed","ping_status":"closed","template":"","meta":{"footnotes":""},"class_list":["post-2668","page","type-page","status-publish","hentry"],"_links":{"self":[{"href":"https:\/\/neonpolice.com\/fr\/wp-json\/wp\/v2\/pages\/2668","targetHints":{"allow":["GET"]}}],"collection":[{"href":"https:\/\/neonpolice.com\/fr\/wp-json\/wp\/v2\/pages"}],"about":[{"href":"https:\/\/neonpolice.com\/fr\/wp-json\/wp\/v2\/types\/page"}],"author":[{"embeddable":true,"href":"https:\/\/neonpolice.com\/fr\/wp-json\/wp\/v2\/users\/1"}],"replies":[{"embeddable":true,"href":"https:\/\/neonpolice.com\/fr\/wp-json\/wp\/v2\/comments?post=2668"}],"version-history":[{"count":0,"href":"https:\/\/neonpolice.com\/fr\/wp-json\/wp\/v2\/pages\/2668\/revisions"}],"wp:attachment":[{"href":"https:\/\/neonpolice.com\/fr\/wp-json\/wp\/v2\/media?parent=2668"}],"curies":[{"name":"wp","href":"https:\/\/api.w.org\/{rel}","templated":true}]}}